{"id":44,"date":"2019-06-25T11:08:42","date_gmt":"2019-06-25T11:08:42","guid":{"rendered":"http:\/\/www.alfains.cz\/?page_id=44"},"modified":"2020-02-22T18:07:34","modified_gmt":"2020-02-22T18:07:34","slug":"odkazy","status":"publish","type":"page","link":"https:\/\/www.alfains.cz\/index.php\/odkazy\/","title":{"rendered":"ODKAZY"},"content":{"rendered":"<p style=\"text-align: justify;\"><strong>Linky a ke sta\u017een\u00ed:<\/strong><\/p>\n<ul>\n<li style=\"text-align: justify;\"><a href=\"http:\/\/justice.cz\">Centr\u00e1ln\u00ed str\u00e1nka \u010desk\u00e9 justice<\/a><\/li>\n<li style=\"text-align: justify;\"><a href=\"https:\/\/insolvence.justice.cz\/kalkulator-splatek\/\">Kalkul\u00e1tor sr\u00e1\u017eek<\/a><\/li>\n<li style=\"text-align: justify;\"><a href=\"https:\/\/isir.justice.cz\/isir\/common\/stat.do?kodStranky=FORMULAR\">Formul\u00e1\u0159e pro ins.\u0159\u00edzen\u00ed<\/a><\/li>\n<li style=\"text-align: justify;\"><a href=\"https:\/\/www.zakonyprolidi.cz\/cs\/2006-182\">Insolven\u010dn\u00ed z\u00e1kon \u010d. 182\/2006 Sb.,<\/a><\/li>\n<li style=\"text-align: justify;\"><a href=\"https:\/\/www.zakonyprolidi.cz\/cs\/2006-312\">Z\u00e1kon o ins. spr\u00e1vc\u00edch \u010d. 312\/2006 Sb.<\/a><\/li>\n<li style=\"text-align: justify;\"><a href=\"https:\/\/www.zakonyprolidi.cz\/cs\/2007-313\">Vyhl\u00e1\u0161ka \u010d. 313\/2007 Sb., o odm\u011bn\u011b ins.spr\u00e1vce<\/a><\/li>\n<li style=\"text-align: justify;\"><a href=\"https:\/\/www.zakonyprolidi.cz\/cs\/2019-121\">Vyhl\u00e1\u0161ka \u010d. 121\/2019 Sb., o materi\u00e1ln\u00edm a vybaven\u00ed a standardech v\u00fdkonu ins. spr\u00e1vce<\/a><\/li>\n<li style=\"text-align: justify;\"><a href=\"https:\/\/www.zakonyprolidi.cz\/cs\/2001-120\">Z\u00e1kon \u010d. 120\/2001 Sb., o soudn\u00edch exekutorech a exeku\u010dn\u00ed \u010dinnosti (exeku\u010dn\u00ed \u0159\u00e1d)<\/a><\/li>\n<li style=\"text-align: justify;\"><a href=\"https:\/\/www.zakonyprolidi.cz\/cs\/2000-26\">Z\u00e1kon \u010d. 26\/2000 Sb., o ve\u0159ejn\u00fdch dra\u017eb\u00e1ch<\/a><\/li>\n<li style=\"text-align: justify;\"><a href=\"https:\/\/www.zakonyprolidi.cz\/cs\/2000-118\">Z\u00e1kon \u010d. 118\/2000 Sb., o ochran\u011b zam\u011bstnanc\u016f p\u0159i platebn\u00ed neschopnosti zam\u011bstnavatele<\/a><\/li>\n<li style=\"text-align: justify;\"><a href=\"http:\/\/www.burzaspravcu.cz\/\">Burzaspravcu.cz<\/a><\/li>\n<li><a href=\"https:\/\/www.exekuceinfo.cz\/?gclid=EAIaIQobChMIytqlj_Pa5gIVguF3Ch34mA_3EAAYASAAEgLMXPD_BwE\">Centr\u00e1ln\u00ed evidence exekuc\u00ed<\/a><\/li>\n<li><a href=\"https:\/\/www.postaonline.cz\/cadrvd\/\">Ve\u0159ejn\u00e9 dra\u017eby v\u00a0\u010cR<\/a><\/li>\n<li><a href=\"https:\/\/www.cuzk.cz\/\">Katastr nemovitost\u00ed v\u00a0\u010cR<\/a><\/li>\n<li><a href=\"http:\/\/www.cak.cz\">\u010cesk\u00e1 advok\u00e1tn\u00ed komora<\/a><\/li>\n<li><a href=\"https:\/\/www.nkcr.cz\/\">Not\u00e1\u0159sk\u00e1 komora<\/a><\/li>\n<li><a href=\"https:\/\/www.ekcr.cz\/\">Exekutorsk\u00e1 komora<\/a><\/li>\n<\/ul>\n<p>&nbsp;<\/p>\n<ul>\n<li><span style=\"color: #333333; font-family: 'Georgia',serif;\"><a href=\"http:\/\/www.alfains.cz\/wp-content\/uploads\/2020\/02\/Povolen\u00ed-ministerstva-spravedlnosti-k-v\u00fdkonu-\u010dinnosti-IS.pdf\">Povolen\u00ed MSP-112\/2019-OINS-INSO\/6<\/a>\u00a0\u00a0\u00a0\u00a0\u00a0\u00a0\u00a0 <\/span><\/li>\n<li><span style=\"color: #333333; font-family: 'Georgia',serif;\"><a href=\"http:\/\/www.alfains.cz\/wp-content\/uploads\/2020\/02\/Pojistn\u00e1-smlouva-13.6.2019.pdf\">Pojistn\u00e1 smlouva \u010cesk\u00e1 poji\u0161\u0165ovna a.s.\u00a0<\/a>\u00a0\u00a0\u00a0\u00a0\u00a0\u00a0\u00a0\u00a0 <\/span><\/li>\n<li><span style=\"color: #333333; font-family: 'Georgia',serif;\"><a href=\"http:\/\/www.alfains.cz\/wp-content\/uploads\/2020\/02\/Rozhodnut\u00ed-o-registraci-k-DPH.pdf\">Registrace k DPH<\/a><br \/>\n<\/span><\/li>\n<li><a href=\"http:\/\/www.alfains.cz\/wp-content\/uploads\/2020\/02\/Sm\u011brnice-GDPR_ALFA.pdf\">GDPR<\/a><\/li>\n<\/ul>\n<p>&nbsp;<\/p>\n<p>&nbsp;<\/p>\n<p>&nbsp;<\/p>\n","protected":false},"excerpt":{"rendered":"<p>Linky a ke sta\u017een\u00ed: Centr\u00e1ln\u00ed str\u00e1nka \u010desk\u00e9 justice Kalkul\u00e1tor sr\u00e1\u017eek Formul\u00e1\u0159e pro ins.\u0159\u00edzen\u00ed Insolven\u010dn\u00ed z\u00e1kon \u010d. 182\/2006 Sb., Z\u00e1kon o ins. spr\u00e1vc\u00edch \u010d. 312\/2006 Sb. Vyhl\u00e1\u0161ka \u010d. 313\/2007 Sb., o odm\u011bn\u011b ins.spr\u00e1vce Vyhl\u00e1\u0161ka \u010d. 121\/2019 Sb., o materi\u00e1ln\u00edm a vybaven\u00ed a standardech v\u00fdkonu ins. spr\u00e1vce Z\u00e1kon \u010d. 120\/2001 Sb., o soudn\u00edch exekutorech a exeku\u010dn\u00ed \u010dinnosti (exeku\u010dn\u00ed \u0159\u00e1d) Z\u00e1kon \u010d. 26\/2000 Sb., o ve\u0159ejn\u00fdch dra\u017eb\u00e1ch Z\u00e1kon \u010d. 118\/2000 Sb., o ochran\u011b zam\u011bstnanc\u016f p\u0159i platebn\u00ed neschopnosti zam\u011bstnavatele Burzaspravcu.cz Centr\u00e1ln\u00ed evidence exekuc\u00ed Ve\u0159ejn\u00e9 dra\u017eby v\u00a0\u010cR Katastr nemovitost\u00ed v\u00a0\u010cR \u010cesk\u00e1 advok\u00e1tn\u00ed komora Not\u00e1\u0159sk\u00e1 komora Exekutorsk\u00e1 komora &nbsp; Povolen\u00ed MSP-112\/2019-OINS-INSO\/6\u00a0\u00a0\u00a0\u00a0\u00a0\u00a0\u00a0 Pojistn\u00e1 smlouva \u010cesk\u00e1 poji\u0161\u0165ovna a.s.\u00a0\u00a0\u00a0\u00a0\u00a0\u00a0\u00a0\u00a0\u00a0 Registrace k DPH GDPR &nbsp; &nbsp; &nbsp;<\/p>\n","protected":false},"author":1,"featured_media":0,"parent":0,"menu_order":0,"comment_status":"closed","ping_status":"closed","template":"","meta":{"footnotes":""},"class_list":["post-44","page","type-page","status-publish","hentry"],"_links":{"self":[{"href":"https:\/\/www.alfains.cz\/index.php\/wp-json\/wp\/v2\/pages\/44","targetHints":{"allow":["GET"]}}],"collection":[{"href":"https:\/\/www.alfains.cz\/index.php\/wp-json\/wp\/v2\/pages"}],"about":[{"href":"https:\/\/www.alfains.cz\/index.php\/wp-json\/wp\/v2\/types\/page"}],"author":[{"embeddable":true,"href":"https:\/\/www.alfains.cz\/index.php\/wp-json\/wp\/v2\/users\/1"}],"replies":[{"embeddable":true,"href":"https:\/\/www.alfains.cz\/index.php\/wp-json\/wp\/v2\/comments?post=44"}],"version-history":[{"count":30,"href":"https:\/\/www.alfains.cz\/index.php\/wp-json\/wp\/v2\/pages\/44\/revisions"}],"predecessor-version":[{"id":496,"href":"https:\/\/www.alfains.cz\/index.php\/wp-json\/wp\/v2\/pages\/44\/revisions\/496"}],"wp:attachment":[{"href":"https:\/\/www.alfains.cz\/index.php\/wp-json\/wp\/v2\/media?parent=44"}],"curies":[{"name":"wp","href":"https:\/\/api.w.org\/{rel}","templated":true}]}}