{"id":40,"date":"2019-06-25T11:07:59","date_gmt":"2019-06-25T11:07:59","guid":{"rendered":"http:\/\/www.alfains.cz\/?page_id=40"},"modified":"2020-01-27T22:01:25","modified_gmt":"2020-01-27T22:01:25","slug":"pro-dluzniky","status":"publish","type":"page","link":"https:\/\/www.alfains.cz\/index.php\/pro-dluzniky\/","title":{"rendered":"PRO DLU\u017dN\u00cdKY"},"content":{"rendered":"<p style=\"text-align: justify;\"><strong>Nab\u00edz\u00edme a po dohod\u011b zajist\u00edme<\/strong><\/p>\n<ul>\n<li style=\"text-align: justify;\">poradenstv\u00ed a posouzen\u00ed pr\u00e1vn\u011b \u2013 ekonomick\u00e9ho postaven\u00ed dlu\u017en\u00edka<\/li>\n<li style=\"text-align: justify;\">p\u0159\u00edpravu, vyhotoven\u00ed a pod\u00e1n\u00ed insolven\u010dn\u00edch n\u00e1vrhu pro dlu\u017en\u00edka<\/li>\n<li style=\"text-align: justify;\">likvidaci poz\u016fstalosti \u2013 a to p\u0159i v\u00fdkonu funkce likvida\u010dn\u00edho spr\u00e1vce v\u010detn\u011b zastupov\u00e1n\u00ed p\u0159i likvidaci poz\u016fstalost\u00ed<\/li>\n<li style=\"text-align: justify;\">spr\u00e1va poz\u016fstalost\u00ed \u2013 v\u00fdkon spr\u00e1vce poz\u016fstalosti v\u00a0\u0159\u00edzen\u00ed o poz\u016fstalosti<\/li>\n<\/ul>\n","protected":false},"excerpt":{"rendered":"<p>Nab\u00edz\u00edme a po dohod\u011b zajist\u00edme poradenstv\u00ed a posouzen\u00ed pr\u00e1vn\u011b \u2013 ekonomick\u00e9ho postaven\u00ed dlu\u017en\u00edka p\u0159\u00edpravu, vyhotoven\u00ed a pod\u00e1n\u00ed insolven\u010dn\u00edch n\u00e1vrhu pro dlu\u017en\u00edka likvidaci poz\u016fstalosti \u2013 a to p\u0159i v\u00fdkonu funkce likvida\u010dn\u00edho spr\u00e1vce v\u010detn\u011b zastupov\u00e1n\u00ed p\u0159i likvidaci poz\u016fstalost\u00ed spr\u00e1va poz\u016fstalost\u00ed \u2013 v\u00fdkon spr\u00e1vce poz\u016fstalosti v\u00a0\u0159\u00edzen\u00ed o poz\u016fstalosti<\/p>\n","protected":false},"author":1,"featured_media":0,"parent":0,"menu_order":0,"comment_status":"closed","ping_status":"closed","template":"","meta":{"footnotes":""},"class_list":["post-40","page","type-page","status-publish","hentry"],"_links":{"self":[{"href":"https:\/\/www.alfains.cz\/index.php\/wp-json\/wp\/v2\/pages\/40","targetHints":{"allow":["GET"]}}],"collection":[{"href":"https:\/\/www.alfains.cz\/index.php\/wp-json\/wp\/v2\/pages"}],"about":[{"href":"https:\/\/www.alfains.cz\/index.php\/wp-json\/wp\/v2\/types\/page"}],"author":[{"embeddable":true,"href":"https:\/\/www.alfains.cz\/index.php\/wp-json\/wp\/v2\/users\/1"}],"replies":[{"embeddable":true,"href":"https:\/\/www.alfains.cz\/index.php\/wp-json\/wp\/v2\/comments?post=40"}],"version-history":[{"count":5,"href":"https:\/\/www.alfains.cz\/index.php\/wp-json\/wp\/v2\/pages\/40\/revisions"}],"predecessor-version":[{"id":385,"href":"https:\/\/www.alfains.cz\/index.php\/wp-json\/wp\/v2\/pages\/40\/revisions\/385"}],"wp:attachment":[{"href":"https:\/\/www.alfains.cz\/index.php\/wp-json\/wp\/v2\/media?parent=40"}],"curies":[{"name":"wp","href":"https:\/\/api.w.org\/{rel}","templated":true}]}}