{"id":38,"date":"2019-06-25T11:07:39","date_gmt":"2019-06-25T11:07:39","guid":{"rendered":"http:\/\/www.alfains.cz\/?page_id=38"},"modified":"2019-08-15T15:53:04","modified_gmt":"2019-08-15T15:53:04","slug":"pro-veritele","status":"publish","type":"page","link":"https:\/\/www.alfains.cz\/index.php\/pro-veritele\/","title":{"rendered":"PRO V\u011a\u0158ITELE"},"content":{"rendered":"<h4 style=\"text-align: justify;\">Nab\u00edz\u00edme a po dohod\u011b zajist\u00edme<\/h4>\n<ul>\n<li>p\u0159\u00edpravu a vyhotoven\u00ed insolven\u010dn\u00edch n\u00e1vrh\u016f pro v\u011b\u0159itele<\/li>\n<li>zastupov\u00e1n\u00ed v\u00a0insolven\u010dn\u00edch \u0159\u00edzen\u00edch v\u010detn\u011b vypracov\u00e1n\u00ed a pod\u00e1n\u00ed p\u0159ihl\u00e1\u0161ek pohled\u00e1vek, zastupov\u00e1n\u00ed ve v\u011b\u0159itelsk\u00fdch org\u00e1nech a komplexn\u00ed poradenstv\u00ed v\u00a0uveden\u00e9 oblasti<\/li>\n<li>samotn\u00fd v\u00fdkon insolven\u010dn\u00edho spr\u00e1vce a n\u00e1sledn\u00e1 \u010dinnost dle \u00a729 a n\u00e1sl. Z\u00e1kona \u010d. 182\/2006 Sb., insolven\u010dn\u00ed z\u00e1kon<\/li>\n<li>komplexn\u00ed p\u0159\u00edpravu likvidac\u00ed obchodn\u00edch spole\u010dnost\u00ed v\u010detn\u011b v\u00fdkonu likvid\u00e1tora<\/li>\n<li>v\u00fdkon funkce likvid\u00e1tora p\u0159i soudn\u00edch likvidac\u00ed na\u0159\u00edzen\u00fdch soudem<\/li>\n<li>likvidaci poz\u016fstalosti \u2013 a to p\u0159i v\u00fdkonu funkce likvida\u010dn\u00edho spr\u00e1vce v\u010detn\u011b zastupov\u00e1n\u00ed p\u0159i likvidaci poz\u016fstalost\u00ed<\/li>\n<li>spr\u00e1va poz\u016fstalost\u00ed \u2013 v\u00fdkon spr\u00e1vce poz\u016fstalosti v\u00a0\u0159\u00edzen\u00ed o poz\u016fstalosti<\/li>\n<\/ul>\n","protected":false},"excerpt":{"rendered":"<p>Nab\u00edz\u00edme a po dohod\u011b zajist\u00edme p\u0159\u00edpravu a vyhotoven\u00ed insolven\u010dn\u00edch n\u00e1vrh\u016f pro v\u011b\u0159itele zastupov\u00e1n\u00ed v\u00a0insolven\u010dn\u00edch \u0159\u00edzen\u00edch v\u010detn\u011b vypracov\u00e1n\u00ed a pod\u00e1n\u00ed p\u0159ihl\u00e1\u0161ek pohled\u00e1vek, zastupov\u00e1n\u00ed ve v\u011b\u0159itelsk\u00fdch org\u00e1nech a komplexn\u00ed poradenstv\u00ed v\u00a0uveden\u00e9 oblasti samotn\u00fd v\u00fdkon insolven\u010dn\u00edho spr\u00e1vce a n\u00e1sledn\u00e1 \u010dinnost dle \u00a729 a n\u00e1sl. Z\u00e1kona \u010d. 182\/2006 Sb., insolven\u010dn\u00ed z\u00e1kon komplexn\u00ed p\u0159\u00edpravu likvidac\u00ed obchodn\u00edch spole\u010dnost\u00ed v\u010detn\u011b v\u00fdkonu likvid\u00e1tora v\u00fdkon funkce likvid\u00e1tora p\u0159i soudn\u00edch likvidac\u00ed na\u0159\u00edzen\u00fdch soudem likvidaci poz\u016fstalosti \u2013 a to p\u0159i v\u00fdkonu funkce likvida\u010dn\u00edho spr\u00e1vce v\u010detn\u011b zastupov\u00e1n\u00ed p\u0159i likvidaci poz\u016fstalost\u00ed spr\u00e1va poz\u016fstalost\u00ed \u2013 v\u00fdkon spr\u00e1vce poz\u016fstalosti v\u00a0\u0159\u00edzen\u00ed o poz\u016fstalosti<\/p>\n","protected":false},"author":1,"featured_media":0,"parent":0,"menu_order":0,"comment_status":"closed","ping_status":"closed","template":"","meta":{"footnotes":""},"class_list":["post-38","page","type-page","status-publish","hentry"],"_links":{"self":[{"href":"https:\/\/www.alfains.cz\/index.php\/wp-json\/wp\/v2\/pages\/38","targetHints":{"allow":["GET"]}}],"collection":[{"href":"https:\/\/www.alfains.cz\/index.php\/wp-json\/wp\/v2\/pages"}],"about":[{"href":"https:\/\/www.alfains.cz\/index.php\/wp-json\/wp\/v2\/types\/page"}],"author":[{"embeddable":true,"href":"https:\/\/www.alfains.cz\/index.php\/wp-json\/wp\/v2\/users\/1"}],"replies":[{"embeddable":true,"href":"https:\/\/www.alfains.cz\/index.php\/wp-json\/wp\/v2\/comments?post=38"}],"version-history":[{"count":9,"href":"https:\/\/www.alfains.cz\/index.php\/wp-json\/wp\/v2\/pages\/38\/revisions"}],"predecessor-version":[{"id":335,"href":"https:\/\/www.alfains.cz\/index.php\/wp-json\/wp\/v2\/pages\/38\/revisions\/335"}],"wp:attachment":[{"href":"https:\/\/www.alfains.cz\/index.php\/wp-json\/wp\/v2\/media?parent=38"}],"curies":[{"name":"wp","href":"https:\/\/api.w.org\/{rel}","templated":true}]}}