{"id":33,"date":"2019-06-25T11:03:49","date_gmt":"2019-06-25T11:03:49","guid":{"rendered":"http:\/\/www.alfains.cz\/?page_id=33"},"modified":"2022-02-21T10:00:51","modified_gmt":"2022-02-21T10:00:51","slug":"o-nas","status":"publish","type":"page","link":"https:\/\/www.alfains.cz\/index.php\/o-nas\/","title":{"rendered":"O N\u00c1S"},"content":{"rendered":"<p style=\"text-align: justify;\"><em>Spole\u010dnost \u00a0ALFA insolven\u010dn\u00ed v.o.s. byla zalo\u017eena \u00a04. 3. 2019 spole\u010dn\u00edky Ing. Monikou Fabrinskou a JUDr. Lenkou Sorokovou. D\u016fvodem zalo\u017een\u00ed bylo vytvo\u0159it spole\u010dnost za \u00fa\u010delem poskytov\u00e1n\u00ed komplexn\u00edch pr\u00e1vn\u00ed a ekonomick\u00fdch slu\u017eeb v\u00a0oblasti insolven\u010dn\u00edho pr\u00e1va s\u00a0d\u016frazem na profesion\u00e1ln\u00ed v\u00fdkon spr\u00e1vce s\u00a0individu\u00e1ln\u00edm p\u0159\u00edstupem k\u00a0dlu\u017en\u00edkovi a v\u011b\u0159iteli. <\/em><\/p>\n<p><em>Spole\u010dnost m\u00e1 dnes 9 ohl\u00e1\u0161en\u00fdch spole\u010dn\u00edk\u016f z \u0159ad b\u00fdval\u00fdch zku\u0161en\u00fdch konkurzn\u00edch a insolven\u010dn\u00edch spr\u00e1vc\u016f, kte\u0159\u00ed maj\u00ed bohat\u00e9 zku\u0161enosti s uvedenou pr\u00e1vn\u00ed problematikou. <\/em><\/p>\n<p><em>Spole\u010dn\u00edci spole\u010dnosti jsou: <\/em><\/p>\n<p><em>Ing. Monika Fabrinsk\u00e1, JUDr. Lenka Sorokov\u00e1, Ing. Jana Edelmannov\u00e1, JUDr. Ing. Petr \u0160tillip, Ph.D.,\u00a0<\/em><em>JUDr. Peter Andris, <\/em><\/p>\n<p><em>Mgr. Radan Vencl, JUDr. Martin Ku\u0159e, Mgr. Na\u010fa Theerov\u00e1, Mgr. Daniel Tom\u00ed\u010dek.<\/em><\/p>\n","protected":false},"excerpt":{"rendered":"<p>Spole\u010dnost \u00a0ALFA insolven\u010dn\u00ed v.o.s. byla zalo\u017eena \u00a04. 3. 2019 spole\u010dn\u00edky Ing. Monikou Fabrinskou a JUDr. Lenkou Sorokovou. D\u016fvodem zalo\u017een\u00ed bylo vytvo\u0159it spole\u010dnost za \u00fa\u010delem poskytov\u00e1n\u00ed komplexn\u00edch pr\u00e1vn\u00ed a ekonomick\u00fdch slu\u017eeb v\u00a0oblasti insolven\u010dn\u00edho pr\u00e1va s\u00a0d\u016frazem na profesion\u00e1ln\u00ed v\u00fdkon spr\u00e1vce s\u00a0individu\u00e1ln\u00edm p\u0159\u00edstupem k\u00a0dlu\u017en\u00edkovi a v\u011b\u0159iteli. Spole\u010dnost m\u00e1 dnes 9 ohl\u00e1\u0161en\u00fdch spole\u010dn\u00edk\u016f z \u0159ad b\u00fdval\u00fdch zku\u0161en\u00fdch konkurzn\u00edch a insolven\u010dn\u00edch spr\u00e1vc\u016f, kte\u0159\u00ed maj\u00ed bohat\u00e9 zku\u0161enosti s uvedenou pr\u00e1vn\u00ed problematikou. Spole\u010dn\u00edci spole\u010dnosti jsou: Ing. Monika Fabrinsk\u00e1, JUDr. Lenka Sorokov\u00e1, Ing. Jana Edelmannov\u00e1, JUDr. Ing. Petr \u0160tillip, Ph.D.,\u00a0JUDr. Peter Andris, Mgr. Radan Vencl, JUDr. Martin Ku\u0159e, Mgr. Na\u010fa Theerov\u00e1, Mgr. Daniel Tom\u00ed\u010dek.<\/p>\n","protected":false},"author":1,"featured_media":0,"parent":0,"menu_order":0,"comment_status":"closed","ping_status":"closed","template":"","meta":{"footnotes":""},"class_list":["post-33","page","type-page","status-publish","hentry"],"_links":{"self":[{"href":"https:\/\/www.alfains.cz\/index.php\/wp-json\/wp\/v2\/pages\/33","targetHints":{"allow":["GET"]}}],"collection":[{"href":"https:\/\/www.alfains.cz\/index.php\/wp-json\/wp\/v2\/pages"}],"about":[{"href":"https:\/\/www.alfains.cz\/index.php\/wp-json\/wp\/v2\/types\/page"}],"author":[{"embeddable":true,"href":"https:\/\/www.alfains.cz\/index.php\/wp-json\/wp\/v2\/users\/1"}],"replies":[{"embeddable":true,"href":"https:\/\/www.alfains.cz\/index.php\/wp-json\/wp\/v2\/comments?post=33"}],"version-history":[{"count":15,"href":"https:\/\/www.alfains.cz\/index.php\/wp-json\/wp\/v2\/pages\/33\/revisions"}],"predecessor-version":[{"id":552,"href":"https:\/\/www.alfains.cz\/index.php\/wp-json\/wp\/v2\/pages\/33\/revisions\/552"}],"wp:attachment":[{"href":"https:\/\/www.alfains.cz\/index.php\/wp-json\/wp\/v2\/media?parent=33"}],"curies":[{"name":"wp","href":"https:\/\/api.w.org\/{rel}","templated":true}]}}