{"id":31,"date":"2019-06-25T11:03:25","date_gmt":"2019-06-25T11:03:25","guid":{"rendered":"http:\/\/www.alfains.cz\/?page_id=31"},"modified":"2022-10-30T15:36:52","modified_gmt":"2022-10-30T15:36:52","slug":"kontakty","status":"publish","type":"page","link":"https:\/\/www.alfains.cz\/index.php\/kontakty\/","title":{"rendered":"KONTAKTY"},"content":{"rendered":"<h4><u>S\u00eddlo spole\u010dnosti<\/u>:\u00a0 <a href=\"https:\/\/mapy.cz\/zakladni?x=14.1336551&amp;y=50.5331328&amp;z=17&amp;source=addr&amp;id=9424823&amp;ds=1\">MAPA<\/a><\/h4>\n<p style=\"margin: 0cm; margin-bottom: .0001pt;\">Kosteln\u00ed n\u00e1m\u011bst\u00ed 233\/1, 412 01 Litom\u011b\u0159ice<br \/>Tel: +420 <strong>416 747 935\u00a0<\/strong><br \/>\u00da\u0159edn\u00ed hodiny: pond\u011bl\u00ed 9,00 -15,00 hod.<\/p>\n<p style=\"margin: 0cm; margin-bottom: .0001pt;\">email: <strong>info@alfains.cz<\/strong><\/p>\n<p style=\"margin: 0cm; margin-bottom: .0001pt;\">I\u010c: 07970692<\/p>\n<p style=\"margin: 0cm; margin-bottom: .0001pt;\">DI\u010c: CZ07970692<\/p>\n<p style=\"margin: 0cm; margin-bottom: .0001pt;\">ID DS: id8yyfh<\/p>\n<p>(Krajsk\u00fd soud v \u00dast\u00ed nad Labem &#8211; KSUL, Krajsk\u00fd soud v \u00dast\u00ed nad Labem, pobo\u010dka v Liberci &#8211; KSLB)<\/p>\n<p>&#8212;&#8212;&#8212;&#8212;&#8212;&#8212;&#8212;&#8212;&#8212;&#8212;&#8212;&#8212;&#8212;&#8212;&#8212;&#8212;&#8212;&#8212;&#8212;&#8212;&#8212;&#8212;&#8212;&#8212;&#8212;&#8212;&#8212;&#8212;&#8212;&#8212;&#8212;&#8212;&#8212;&#8212;&#8212;-<\/p>\n<h4><u>Provozovna Ostrava:\u00a0 <\/u><a href=\"https:\/\/mapy.cz\/zakladni?x=18.2871246&amp;y=49.8350307&amp;z=17&amp;source=addr&amp;id=8839468&amp;ds=1\">MAPA<\/a><\/h4>\n<p>Mgr. Daniel Tom\u00ed\u010dek<\/p>\n<p style=\"margin: 0cm; margin-bottom: .0001pt;\">Jure\u010dkova 643\/20, 702 00 Ostrava<br \/>Tel: +420 555 112 490-493, 731 631 566<br \/>\u00da\u0159edn\u00ed hodiny: st\u0159eda 9,00 -13,00 hod.<\/p>\n<p style=\"margin: 0cm; margin-bottom: .0001pt;\">email: ostrava@alfains.cz<\/p>\n<p>(Krajsk\u00fd soud v Ostrav\u011b &#8211; KSOS)<\/p>\n<p>&#8212;&#8212;&#8212;&#8212;&#8212;&#8212;&#8212;&#8212;&#8212;&#8212;&#8212;&#8212;&#8212;&#8212;&#8212;&#8212;&#8212;&#8212;&#8212;&#8212;&#8212;&#8212;&#8212;&#8212;&#8212;&#8212;&#8212;&#8212;&#8212;&#8212;&#8212;&#8212;&#8212;&#8212;&#8212;&#8211;<\/p>\n<h4><u>Provozovna Hradec Kr\u00e1lov\u00e9:<\/u>\u00a0\u00a0<a href=\"https:\/\/mapy.cz\/zakladni?x=15.8280689&amp;y=50.2088191&amp;z=17&amp;source=addr&amp;id=9052237\">MAPA<\/a><\/h4>\n<p>Mgr. Radan Vencl<\/p>\n<p style=\"margin: 0cm; margin-bottom: .0001pt;\">Chmelova 357\/2, 500 09 Hradec Kr\u00e1lov\u00e9<br \/>Tel: +420 495 510 214, 734 320 831<br \/>\u00da\u0159edn\u00ed hodiny: \u00fater\u00fd 8,00-12,00 hod.<\/p>\n<p style=\"margin: 0cm; margin-bottom: .0001pt;\">email: hradec@alfains.cz<\/p>\n<p>(Krajsk\u00fd soud v Hardci Kr\u00e1lov\u00e9 &#8211; KSHK, Krajsk\u00fd soud v Hradci Kr\u00e1lov\u00e9, pobo\u010dka v Pardubic\u00edch &#8211; KSPA)<\/p>\n<p>&#8212;&#8212;&#8212;&#8212;&#8212;&#8212;&#8212;&#8212;&#8212;&#8212;&#8212;&#8212;&#8212;&#8212;&#8212;&#8212;&#8212;&#8212;&#8212;&#8212;&#8212;&#8212;&#8212;&#8212;&#8212;&#8212;&#8212;&#8212;&#8212;&#8212;&#8212;&#8212;&#8212;&#8212;&#8212;&#8211;<\/p>\n<h4><u>Provozovna M\u011bln\u00edk:<\/u>\u00a0\u00a0<u><\/u><a href=\"https:\/\/mapy.cz\/zakladni?x=14.4802503&amp;y=50.3500744&amp;z=17&amp;source=addr&amp;id=9113710\">MAPA<\/a><\/h4>\n<p>Ing. Jana Edelmannov\u00e1<\/p>\n<p>JUDr. Martin Ku\u0159e<\/p>\n<p style=\"margin: 0cm; margin-bottom: .0001pt;\">Havl\u00ed\u010dkova 329\/2, 276 01 M\u011bln\u00edk<br \/>Tel: 724 055 623<br \/>\u00da\u0159edn\u00ed hodiny: \u00fater\u00fd 9,00-13,00 hod.<\/p>\n<p style=\"margin: 0cm; margin-bottom: .0001pt;\">email: kure@alfains.cz, edelmannova@alfains.cz<\/p>\n<p>(Krajsk\u00fd soud v Praze\u00a0 &#8211; KSPH)<\/p>\n<p>&#8212;&#8212;&#8212;&#8212;&#8212;&#8212;&#8212;&#8212;&#8212;&#8212;&#8212;&#8212;&#8212;&#8212;&#8212;&#8212;&#8212;&#8212;&#8212;&#8212;&#8212;&#8212;&#8212;&#8212;&#8212;&#8212;&#8212;&#8212;&#8212;&#8212;&#8212;&#8212;&#8212;&#8212;&#8212;&#8211;<\/p>\n<h4><u>Provozovna Praha:<\/u>\u00a0\u00a0<u><\/u><a href=\"https:\/\/mapy.cz\/zakladni?x=14.4230572&amp;y=50.0547204&amp;z=17&amp;source=addr&amp;id=8959268\">MAPA<\/a><\/h4>\n<p>JUDr. Peter Andris, MBA, Ph.D.<\/p>\n<p style=\"margin: 0cm; margin-bottom: .0001pt;\">Pod Klaudi\u00e1nkou 302\/8, 147 00 Praha 4<br \/>Tel: +420 220 800 208<br \/>\u00da\u0159edn\u00ed hodiny: pond\u011bl\u00ed\u00a08,30-12,30 hod.<\/p>\n<p style=\"margin: 0cm; margin-bottom: .0001pt;\">email: praha@alfains.cz<\/p>\n<p>(M\u011bstsk\u00fd soud v Praze &#8211; MSPH)<\/p>\n<p>&#8212;&#8212;&#8212;&#8212;&#8212;&#8212;&#8212;&#8212;&#8212;&#8212;&#8212;&#8212;&#8212;&#8212;&#8212;&#8212;&#8212;&#8212;&#8212;&#8212;&#8212;&#8212;&#8212;&#8212;&#8212;&#8212;&#8212;&#8212;&#8212;&#8212;&#8212;&#8212;&#8212;&#8212;&#8212;&#8211;<\/p>\n<h4><u>Provozovna Plze\u0148:<\/u>\u00a0\u00a0<a href=\"https:\/\/mapy.cz\/zakladni?x=13.3755586&amp;y=49.7391223&amp;z=17&amp;source=addr&amp;id=9070264\">MAPA<\/a><\/h4>\n<p>JUDr. Petr \u0160tillip, Ph.D.<\/p>\n<p style=\"margin: 0cm; margin-bottom: .0001pt;\">Lukavick\u00e1 16, 301 00 Plze\u0148<br \/>Tel: 602 754 864<br \/>\u00da\u0159edn\u00ed hodiny: pond\u011bl\u00ed 9,00-13,00 hod.<\/p>\n<p style=\"margin: 0cm; margin-bottom: .0001pt;\">email: stillip@alfains.cz<\/p>\n<p>(Krajsk\u00fd soud v Plzni &#8211; KSPL)<\/p>\n<p>&#8212;&#8212;&#8212;&#8212;&#8212;&#8212;&#8212;&#8212;&#8212;&#8212;&#8212;&#8212;&#8212;&#8212;&#8212;&#8212;&#8212;&#8212;&#8212;&#8212;&#8212;&#8212;&#8212;&#8212;&#8212;&#8212;&#8212;&#8212;&#8212;&#8212;&#8212;&#8212;&#8212;&#8212;&#8212;&#8211;<\/p>\n<h4><u>Provozovna T\u0159ebo\u0148<strong>:<\/strong><\/u>\u00a0\u00a0<a href=\"https:\/\/mapy.cz\/zakladni?x=14.7621364&amp;y=49.0041708&amp;z=17&amp;source=addr&amp;id=11777025\">MAPA<\/a><\/h4>\n<p>Mgr. Na\u010fa Theerov\u00e1<\/p>\n<p style=\"margin: 0cm; margin-bottom: .0001pt;\">Palack\u00e9ho n\u00e1m. 106, 379 01 T\u0159ebo\u0148<br \/>Tel: 603 207 241<br \/>\u00da\u0159edn\u00ed hodiny: pond\u011bl\u00ed 8,00-12,00 hod.<\/p>\n<p style=\"margin: 0cm; margin-bottom: .0001pt;\">email: theerova@alfains.cz<\/p>\n<p>(Krajsk\u00fd soud v \u010cesk\u00fdch Bud\u011bjovic\u00edch &#8211; KSCB)<\/p>\n<hr \/>\n<h4><u>Provozovna Ol\u0161any<strong>:<\/strong><\/u>\u00a0\u00a0<a href=\"https:\/\/mapy.cz\/zakladni?x=17.1641383&amp;y=49.5387305&amp;z=17&amp;source=addr&amp;id=13824964&amp;ds=1\">MAPA<\/a><\/h4>\n<p>JUDr. Lenka Sorokov\u00e1<\/p>\n<p>Ing. Monika Fabrinsk\u00e1, MBA, LL.M.<\/p>\n<p style=\"margin: 0cm; margin-bottom: .0001pt;\">Ol\u0161any u Prost\u011bjova 462, 798 14 Ol\u0161any u Prost\u011bjova<br \/>Tel: 774 727 054, 739 936 000<br \/>\u00da\u0159edn\u00ed hodiny JUDr. Lenky Sorokov\u00e9: pond\u011bl\u00ed 8,30-14,30 hod.<\/p>\n<p>\u00da\u0159edn\u00ed hodiny Ing. Moniky Fabrinsk\u00e9: pond\u011bl\u00ed 8,00-14,00 hod.<\/p>\n<p style=\"margin: 0cm; margin-bottom: .0001pt;\">email: podatelna@alfains.cz, oddluzeni@alfains.cz<\/p>\n<p>(Krajsk\u00fd soud v Brn\u011b &#8211; KSBR, Krajsk\u00fd soud v Ostrav\u011b &#8211; KSOS, Krajsk\u00fd soud v Ostrav\u011b, pobo\u010dka v Olomouci &#8211; KSOL)<\/p>\n\n\n<p>Mimo uveden\u00e9 \u00fa\u0159edn\u00ed hodiny je mo\u017eno sjednat si sch\u016fzku po individu\u00e1ln\u00ed domluv\u011b se z\u00e1stupcem p\u0159\u00edslu\u0161n\u00e9 pobo\u010dky nebo s\u00eddlem spole\u010dnosti prost\u0159ednictv\u00edm uveden\u00fdch kontakt\u016f<\/p>\n","protected":false},"excerpt":{"rendered":"<p>S\u00eddlo spole\u010dnosti:\u00a0 MAPA Kosteln\u00ed n\u00e1m\u011bst\u00ed 233\/1, 412 01 Litom\u011b\u0159iceTel: +420 416 747 935\u00a0\u00da\u0159edn\u00ed hodiny: pond\u011bl\u00ed 9,00 -15,00 hod. email: info@alfains.cz I\u010c: 07970692 DI\u010c: CZ07970692 ID DS: id8yyfh (Krajsk\u00fd soud v \u00dast\u00ed nad Labem &#8211; KSUL, Krajsk\u00fd soud v \u00dast\u00ed nad Labem, pobo\u010dka v Liberci &#8211; KSLB) &#8212;&#8212;&#8212;&#8212;&#8212;&#8212;&#8212;&#8212;&#8212;&#8212;&#8212;&#8212;&#8212;&#8212;&#8212;&#8212;&#8212;&#8212;&#8212;&#8212;&#8212;&#8212;&#8212;&#8212;&#8212;&#8212;&#8212;&#8212;&#8212;&#8212;&#8212;&#8212;&#8212;&#8212;&#8212;- Provozovna Ostrava:\u00a0 MAPA Mgr. Daniel Tom\u00ed\u010dek Jure\u010dkova 643\/20, 702 00 OstravaTel: +420 555 112 490-493, 731 631 566\u00da\u0159edn\u00ed hodiny: st\u0159eda 9,00 -13,00 hod. email: ostrava@alfains.cz (Krajsk\u00fd soud v Ostrav\u011b &#8211; KSOS) &#8212;&#8212;&#8212;&#8212;&#8212;&#8212;&#8212;&#8212;&#8212;&#8212;&#8212;&#8212;&#8212;&#8212;&#8212;&#8212;&#8212;&#8212;&#8212;&#8212;&#8212;&#8212;&#8212;&#8212;&#8212;&#8212;&#8212;&#8212;&#8212;&#8212;&#8212;&#8212;&#8212;&#8212;&#8212;&#8211; Provozovna Hradec Kr\u00e1lov\u00e9:\u00a0\u00a0MAPA Mgr. Radan Vencl Chmelova 357\/2, 500 09 Hradec Kr\u00e1lov\u00e9Tel: +420 495 510 214, 734 320 831\u00da\u0159edn\u00ed hodiny: \u00fater\u00fd 8,00-12,00 hod. email: hradec@alfains.cz (Krajsk\u00fd soud v Hardci Kr\u00e1lov\u00e9 &#8211; KSHK, Krajsk\u00fd soud v Hradci Kr\u00e1lov\u00e9, pobo\u010dka v Pardubic\u00edch &#8211; KSPA) &#8212;&#8212;&#8212;&#8212;&#8212;&#8212;&#8212;&#8212;&#8212;&#8212;&#8212;&#8212;&#8212;&#8212;&#8212;&#8212;&#8212;&#8212;&#8212;&#8212;&#8212;&#8212;&#8212;&#8212;&#8212;&#8212;&#8212;&#8212;&#8212;&#8212;&#8212;&#8212;&#8212;&#8212;&#8212;&#8211; Provozovna M\u011bln\u00edk:\u00a0\u00a0MAPA Ing. Jana Edelmannov\u00e1 JUDr. Martin Ku\u0159e Havl\u00ed\u010dkova 329\/2, 276 01 M\u011bln\u00edkTel: 724 055 623\u00da\u0159edn\u00ed hodiny: \u00fater\u00fd 9,00-13,00 hod. email: kure@alfains.cz, edelmannova@alfains.cz (Krajsk\u00fd soud v Praze\u00a0 &#8211; KSPH) &#8212;&#8212;&#8212;&#8212;&#8212;&#8212;&#8212;&#8212;&#8212;&#8212;&#8212;&#8212;&#8212;&#8212;&#8212;&#8212;&#8212;&#8212;&#8212;&#8212;&#8212;&#8212;&#8212;&#8212;&#8212;&#8212;&#8212;&#8212;&#8212;&#8212;&#8212;&#8212;&#8212;&#8212;&#8212;&#8211; Provozovna Praha:\u00a0\u00a0MAPA JUDr. Peter Andris, MBA, Ph.D. Pod Klaudi\u00e1nkou 302\/8, 147 00 Praha 4Tel: +420 220 800 208\u00da\u0159edn\u00ed hodiny: pond\u011bl\u00ed\u00a08,30-12,30 hod. email: praha@alfains.cz (M\u011bstsk\u00fd soud v Praze &#8211; MSPH) &#8212;&#8212;&#8212;&#8212;&#8212;&#8212;&#8212;&#8212;&#8212;&#8212;&#8212;&#8212;&#8212;&#8212;&#8212;&#8212;&#8212;&#8212;&#8212;&#8212;&#8212;&#8212;&#8212;&#8212;&#8212;&#8212;&#8212;&#8212;&#8212;&#8212;&#8212;&#8212;&#8212;&#8212;&#8212;&#8211; Provozovna Plze\u0148:\u00a0\u00a0MAPA JUDr. Petr \u0160tillip, Ph.D. Lukavick\u00e1 16, 301 00 Plze\u0148Tel: 602 754 864\u00da\u0159edn\u00ed hodiny: pond\u011bl\u00ed 9,00-13,00 hod. email: stillip@alfains.cz (Krajsk\u00fd soud v Plzni &#8211; KSPL) &#8212;&#8212;&#8212;&#8212;&#8212;&#8212;&#8212;&#8212;&#8212;&#8212;&#8212;&#8212;&#8212;&#8212;&#8212;&#8212;&#8212;&#8212;&#8212;&#8212;&#8212;&#8212;&#8212;&#8212;&#8212;&#8212;&#8212;&#8212;&#8212;&#8212;&#8212;&#8212;&#8212;&#8212;&#8212;&#8211; Provozovna T\u0159ebo\u0148:\u00a0\u00a0MAPA Mgr. Na\u010fa Theerov\u00e1 Palack\u00e9ho n\u00e1m. 106, 379 01 T\u0159ebo\u0148Tel: 603 207 241\u00da\u0159edn\u00ed hodiny: pond\u011bl\u00ed 8,00-12,00 hod. email: theerova@alfains.cz (Krajsk\u00fd soud v \u010cesk\u00fdch Bud\u011bjovic\u00edch &#8211; KSCB) Provozovna Ol\u0161any:\u00a0\u00a0MAPA JUDr. Lenka Sorokov\u00e1 Ing. Monika Fabrinsk\u00e1, MBA, LL.M. Ol\u0161any u Prost\u011bjova 462, 798 14 Ol\u0161any u Prost\u011bjovaTel: 774 727 054, 739 936 000\u00da\u0159edn\u00ed hodiny JUDr. Lenky Sorokov\u00e9: pond\u011bl\u00ed 8,30-14,30 hod. \u00da\u0159edn\u00ed hodiny Ing. Moniky Fabrinsk\u00e9: pond\u011bl\u00ed 8,00-14,00 hod. email: podatelna@alfains.cz, oddluzeni@alfains.cz (Krajsk\u00fd soud v Brn\u011b &#8211; KSBR, Krajsk\u00fd soud v Ostrav\u011b &#8211; KSOS, Krajsk\u00fd soud v Ostrav\u011b, pobo\u010dka v Olomouci &#8211; KSOL) Mimo uveden\u00e9 \u00fa\u0159edn\u00ed hodiny je mo\u017eno sjednat si sch\u016fzku po individu\u00e1ln\u00ed domluv\u011b se z\u00e1stupcem p\u0159\u00edslu\u0161n\u00e9 pobo\u010dky nebo s\u00eddlem spole\u010dnosti prost\u0159ednictv\u00edm uveden\u00fdch kontakt\u016f<\/p>\n","protected":false},"author":1,"featured_media":0,"parent":0,"menu_order":0,"comment_status":"closed","ping_status":"closed","template":"","meta":{"footnotes":""},"class_list":["post-31","page","type-page","status-publish","hentry"],"_links":{"self":[{"href":"https:\/\/www.alfains.cz\/index.php\/wp-json\/wp\/v2\/pages\/31","targetHints":{"allow":["GET"]}}],"collection":[{"href":"https:\/\/www.alfains.cz\/index.php\/wp-json\/wp\/v2\/pages"}],"about":[{"href":"https:\/\/www.alfains.cz\/index.php\/wp-json\/wp\/v2\/types\/page"}],"author":[{"embeddable":true,"href":"https:\/\/www.alfains.cz\/index.php\/wp-json\/wp\/v2\/users\/1"}],"replies":[{"embeddable":true,"href":"https:\/\/www.alfains.cz\/index.php\/wp-json\/wp\/v2\/comments?post=31"}],"version-history":[{"count":81,"href":"https:\/\/www.alfains.cz\/index.php\/wp-json\/wp\/v2\/pages\/31\/revisions"}],"predecessor-version":[{"id":664,"href":"https:\/\/www.alfains.cz\/index.php\/wp-json\/wp\/v2\/pages\/31\/revisions\/664"}],"wp:attachment":[{"href":"https:\/\/www.alfains.cz\/index.php\/wp-json\/wp\/v2\/media?parent=31"}],"curies":[{"name":"wp","href":"https:\/\/api.w.org\/{rel}","templated":true}]}}