{"id":12,"date":"2019-06-07T09:43:13","date_gmt":"2019-06-07T09:43:13","guid":{"rendered":"http:\/\/www.alfains.cz\/?page_id=12"},"modified":"2022-02-21T09:57:44","modified_gmt":"2022-02-21T09:57:44","slug":"uvod","status":"publish","type":"page","link":"https:\/\/www.alfains.cz\/","title":{"rendered":"\u00daVOD"},"content":{"rendered":"<p style=\"text-align: justify;\">Spole\u010dnost ALFA insolven\u010dn\u00ed v.o.s. byla zalo\u017eena dne 4.3.2019 spole\u010dn\u00edky JUDr. Lenkou Sorokovou a Ing. Monikou Fabrinskou, MBA, LL.M. Zaps\u00e1na byla do ve\u0159ejn\u00e9ho rejst\u0159\u00edku pod spisovou zna\u010dkou A 26666 u Krajsk\u00e9ho soudu v Brn\u011b dne 13.3.2019 a to s p\u0159edm\u011btem v\u00fdkonu \u010dinnosti insolven\u010dn\u00edho spr\u00e1vce na z\u00e1klad\u011b povolen\u00ed Ministerstva spravedlnosti \u010cR.<\/p>\n<p style=\"text-align: justify;\">Dal\u0161\u00edmi spole\u010dn\u00edky se stali Ing. Jana Edelmannov\u00e1, JUDr. Ing. Petr \u0160tillip, JUDr. Martin Ku\u0159e, Mgr. Radan Vencl, JUDr. Peter Andris, MBA, Ph.D. a Mgr. Na\u010fa Theerov\u00e1, Mgr. Daniel Tom\u00ed\u010dek.<\/p>\n<p style=\"text-align: justify;\">\u00da\u010delem zalo\u017een\u00ed spole\u010dnosti a p\u0159\u00edstup dal\u0161\u00edch spole\u010dn\u00edk\u016f je soust\u0159edit znalosti a zku\u0161enosti v oblasti insolven\u010dn\u00edho pr\u00e1va a to na cel\u00e9m \u00fazem\u00ed \u010cesk\u00e9 republiky a t\u00edm jednozna\u010dn\u011b p\u0159isp\u011bt ke kvalit\u011b a transparentnosti nab\u00edzen\u00fdch slu\u017eeb.<\/p>\n<p style=\"text-align: justify;\">N\u00e1\u0161 c\u00edl je pomoci dlu\u017en\u00edk\u016fm proj\u00edt slo\u017eitou cestou zbaven\u00ed se \u017eivotn\u00edch z\u00e1t\u011b\u017e\u00ed spo\u010d\u00edvaj\u00edc\u00ed mnohdy v ne\u0159e\u0161iteln\u00fdch situac\u00ed a to formou oddlu\u017een\u00ed a v\u011b\u0159itel\u016fm zajistit maximalizaci mo\u017en\u00fdch v\u00fdnos\u016f p\u0159i minim\u00e1ln\u00edm riziku a to v konkurzu \u010di reorganizaci.<\/p>\n<p style=\"text-align: justify;\">\n","protected":false},"excerpt":{"rendered":"<p>Spole\u010dnost ALFA insolven\u010dn\u00ed v.o.s. byla zalo\u017eena dne 4.3.2019 spole\u010dn\u00edky JUDr. Lenkou Sorokovou a Ing. Monikou Fabrinskou, MBA, LL.M. Zaps\u00e1na byla do ve\u0159ejn\u00e9ho rejst\u0159\u00edku pod spisovou zna\u010dkou A 26666 u Krajsk\u00e9ho soudu v Brn\u011b dne 13.3.2019 a to s p\u0159edm\u011btem v\u00fdkonu \u010dinnosti insolven\u010dn\u00edho spr\u00e1vce na z\u00e1klad\u011b povolen\u00ed Ministerstva spravedlnosti \u010cR. Dal\u0161\u00edmi spole\u010dn\u00edky se stali Ing. Jana Edelmannov\u00e1, JUDr. Ing. Petr \u0160tillip, JUDr. Martin Ku\u0159e, Mgr. Radan Vencl, JUDr. Peter Andris, MBA, Ph.D. a Mgr. Na\u010fa Theerov\u00e1, Mgr. Daniel Tom\u00ed\u010dek. \u00da\u010delem zalo\u017een\u00ed spole\u010dnosti a p\u0159\u00edstup dal\u0161\u00edch spole\u010dn\u00edk\u016f je soust\u0159edit znalosti a zku\u0161enosti v oblasti insolven\u010dn\u00edho pr\u00e1va a to na cel\u00e9m \u00fazem\u00ed \u010cesk\u00e9 republiky a t\u00edm jednozna\u010dn\u011b p\u0159isp\u011bt ke kvalit\u011b a transparentnosti nab\u00edzen\u00fdch slu\u017eeb. N\u00e1\u0161 c\u00edl je pomoci dlu\u017en\u00edk\u016fm proj\u00edt slo\u017eitou cestou zbaven\u00ed se \u017eivotn\u00edch z\u00e1t\u011b\u017e\u00ed spo\u010d\u00edvaj\u00edc\u00ed mnohdy v ne\u0159e\u0161iteln\u00fdch situac\u00ed a to formou oddlu\u017een\u00ed a v\u011b\u0159itel\u016fm zajistit maximalizaci mo\u017en\u00fdch v\u00fdnos\u016f p\u0159i minim\u00e1ln\u00edm riziku a to v konkurzu \u010di reorganizaci.<\/p>\n","protected":false},"author":1,"featured_media":0,"parent":0,"menu_order":0,"comment_status":"closed","ping_status":"closed","template":"","meta":{"footnotes":""},"class_list":["post-12","page","type-page","status-publish","hentry"],"_links":{"self":[{"href":"https:\/\/www.alfains.cz\/index.php\/wp-json\/wp\/v2\/pages\/12","targetHints":{"allow":["GET"]}}],"collection":[{"href":"https:\/\/www.alfains.cz\/index.php\/wp-json\/wp\/v2\/pages"}],"about":[{"href":"https:\/\/www.alfains.cz\/index.php\/wp-json\/wp\/v2\/types\/page"}],"author":[{"embeddable":true,"href":"https:\/\/www.alfains.cz\/index.php\/wp-json\/wp\/v2\/users\/1"}],"replies":[{"embeddable":true,"href":"https:\/\/www.alfains.cz\/index.php\/wp-json\/wp\/v2\/comments?post=12"}],"version-history":[{"count":21,"href":"https:\/\/www.alfains.cz\/index.php\/wp-json\/wp\/v2\/pages\/12\/revisions"}],"predecessor-version":[{"id":550,"href":"https:\/\/www.alfains.cz\/index.php\/wp-json\/wp\/v2\/pages\/12\/revisions\/550"}],"wp:attachment":[{"href":"https:\/\/www.alfains.cz\/index.php\/wp-json\/wp\/v2\/media?parent=12"}],"curies":[{"name":"wp","href":"https:\/\/api.w.org\/{rel}","templated":true}]}}